{"id":8,"date":"2022-02-10T10:52:39","date_gmt":"2022-02-10T09:52:39","guid":{"rendered":"http:\/\/kobald.edv2gether.com\/?page_id=8"},"modified":"2023-04-18T16:29:42","modified_gmt":"2023-04-18T14:29:42","slug":"8-2","status":"publish","type":"page","link":"https:\/\/www.dienstleistungen-kobald.com\/","title":{"rendered":"Home"},"content":{"rendered":"<p>[et_pb_section fb_built=&#8220;1&#8243; custom_padding_last_edited=&#8220;on|phone&#8220; prev_background_color=&#8220;#ffffff&#8220; admin_label=&#8220;Hero Section&#8220; _builder_version=&#8220;4.16&#8243; use_background_color_gradient=&#8220;on&#8220; background_color_gradient_type=&#8220;circular&#8220; background_color_gradient_direction_radial=&#8220;top left&#8220; background_color_gradient_stops=&#8220;#2b303a 10%|rgba(43,48,58,0.5) 34%&#8220; background_color_gradient_overlays_image=&#8220;on&#8220; background_color_gradient_start=&#8220;#2b303a&#8220; background_color_gradient_start_position=&#8220;10%&#8220; background_color_gradient_end=&#8220;rgba(43,48,58,0.5)&#8220; background_color_gradient_end_position=&#8220;34%&#8220; background_image=&#8220;http:\/\/www.dienstleistungen-kobald.com\/wp-content\/uploads\/1252593490-1024&#215;399.jpg&#8220; module_alignment=&#8220;right&#8220; custom_margin=&#8220;10px|60px|10px|60px|true|true&#8220; custom_margin_tablet=&#8220;0px|0px|0px|0px|true|true&#8220; custom_margin_phone=&#8220;&#8220; custom_margin_last_edited=&#8220;on|phone&#8220; custom_padding=&#8220;11vw||0|0|false|false&#8220; custom_padding_tablet=&#8220;|||0px&#8220; custom_padding_phone=&#8220;120px|||&#8220; top_divider_style=&#8220;asymmetric4&#8243; top_divider_repeat=&#8220;0.5x&#8220; top_divider_flip=&#8220;vertical&#8220; animation_style=&#8220;slide&#8220; animation_direction=&#8220;top&#8220; animation_intensity_slide=&#8220;2%&#8220; hover_enabled=&#8220;0&#8243; box_shadow_style=&#8220;preset3&#8243; box_shadow_vertical=&#8220;80px&#8220; box_shadow_blur=&#8220;200px&#8220; box_shadow_spread=&#8220;-40px&#8220; box_shadow_color=&#8220;rgba(0,0,0,0.12)&#8220; global_colors_info=&#8220;{}&#8220; sticky_enabled=&#8220;0&#8243;][et_pb_row admin_label=&#8220;Hero Area&#8220; _builder_version=&#8220;4.16&#8243; background_size=&#8220;initial&#8220; background_position=&#8220;top_left&#8220; background_repeat=&#8220;repeat&#8220; custom_margin=&#8220;|auto|-1vw|auto||&#8220; global_colors_info=&#8220;{}&#8220;][et_pb_column type=&#8220;4_4&#8243; admin_label=&#8220;Spalte&#8220; _builder_version=&#8220;4.16&#8243; custom_padding=&#8220;|||&#8220; global_colors_info=&#8220;{}&#8220; custom_padding__hover=&#8220;|||&#8220;][et_pb_text admin_label=&#8220;Title&#8220; _builder_version=&#8220;4.16&#8243; text_font=&#8220;||||||||&#8220; quote_font=&#8220;||||||||&#8220; header_font=&#8220;Bungee||||||||&#8220; header_line_height=&#8220;1.4em&#8220; header_2_font=&#8220;||||||||&#8220; background_layout=&#8220;dark&#8220; custom_margin=&#8220;|||-40px&#8220; custom_margin_tablet=&#8220;&#8220; custom_margin_phone=&#8220;|||0px&#8220; custom_margin_last_edited=&#8220;on|phone&#8220; custom_padding=&#8220;|||30px&#8220; animation_style=&#8220;slide&#8220; animation_direction=&#8220;top&#8220; animation_intensity_slide=&#8220;5%&#8220; animation_starting_opacity=&#8220;100%&#8220; header_font_size_tablet=&#8220;28px&#8220; header_font_size_phone=&#8220;&#8220; header_font_size_last_edited=&#8220;on|phone&#8220; border_color_all=&#8220;#ff5400&#8243; border_width_left=&#8220;10px&#8220; global_colors_info=&#8220;{}&#8220;]<\/p>\n<h1>Kobald<\/h1>\n<h1>Dachdeckerer &#8211; Spengler<\/h1>\n<p>[\/et_pb_text][\/et_pb_column][\/et_pb_row][et_pb_row admin_label=&#8220;Zeile&#8220; _builder_version=&#8220;4.16&#8243; _module_preset=&#8220;default&#8220; background_color=&#8220;#FFFFFF&#8220; width=&#8220;100%&#8220; module_alignment=&#8220;center&#8220; global_colors_info=&#8220;{}&#8220;][et_pb_column type=&#8220;4_4&#8243; _builder_version=&#8220;4.16&#8243; _module_preset=&#8220;default&#8220; global_colors_info=&#8220;{}&#8220;][et_pb_text _builder_version=&#8220;4.16&#8243; _module_preset=&#8220;default&#8220; width=&#8220;90%&#8220; module_alignment=&#8220;center&#8220; global_colors_info=&#8220;{}&#8220;]<\/p>\n<p>Wir sehen es als unsere Aufgabe an, zuverl\u00e4ssig und kompetent mit Ihnen zusammenzuarbeiten.<br \/>So entstehen D\u00e4cher, mit denen Sie und wir zufrieden sein k\u00f6nnen.<\/p>\n<p>Wir freuen uns auf eine gute Zusammenarbeit.<br \/>Andreas, Heidi<\/p>\n<p>[\/et_pb_text][\/et_pb_column][\/et_pb_row][\/et_pb_section][et_pb_section fb_built=&#8220;1&#8243; admin_label=&#8220;Service Section&#8220; _builder_version=&#8220;4.16&#8243; background_enable_image=&#8220;off&#8220; background_size=&#8220;initial&#8220; module_alignment=&#8220;right&#8220; custom_padding=&#8220;0px||0px||false|false&#8220; hover_enabled=&#8220;0&#8243; global_colors_info=&#8220;{}&#8220; sticky_enabled=&#8220;0&#8243;][et_pb_row column_structure=&#8220;1_3,1_3,1_3&#8243; admin_label=&#8220;Services&#8220; _builder_version=&#8220;4.20.4&#8243; custom_margin=&#8220;10px|||&#8220; hover_enabled=&#8220;0&#8243; global_colors_info=&#8220;{}&#8220; animation_style=&#8220;fold&#8220; sticky_enabled=&#8220;0&#8243;][et_pb_column type=&#8220;1_3&#8243; _builder_version=&#8220;4.16&#8243; custom_padding=&#8220;|||&#8220; global_colors_info=&#8220;{}&#8220; custom_padding__hover=&#8220;|||&#8220;][et_pb_cta title=&#8220;Dachdeckerarbeiten&#8220; button_url=&#8220;#&#8220; _builder_version=&#8220;4.16&#8243; header_level=&#8220;h4&#8243; header_font=&#8220;Bungee||||||||&#8220; header_line_height=&#8220;1.8em&#8220; body_font=&#8220;||||||||&#8220; body_line_height=&#8220;1.8em&#8220; background_color=&#8220;rgba(0,0,0,0)&#8220; background_enable_image=&#8220;off&#8220; custom_button=&#8220;on&#8220; button_text_size=&#8220;14px&#8220; button_text_color=&#8220;#0072ff&#8220; button_border_width=&#8220;0px&#8220; button_letter_spacing=&#8220;4px&#8220; button_font=&#8220;Bungee||||||||&#8220; button_use_icon=&#8220;off&#8220; background_layout=&#8220;light&#8220; custom_padding=&#8220;40px|30px|40px|30px|true|true&#8220; hover_enabled=&#8220;0&#8243; border_width_all=&#8220;1px&#8220; border_color_all=&#8220;rgba(51,51,51,0.12)&#8220; button_text_color_hover=&#8220;#000000&#8243; button_bg_color_hover=&#8220;rgba(0,0,0,0)&#8220; global_colors_info=&#8220;{}&#8220; button_text_size__hover_enabled=&#8220;off&#8220; button_one_text_size__hover_enabled=&#8220;off&#8220; button_two_text_size__hover_enabled=&#8220;off&#8220; button_text_color__hover_enabled=&#8220;on&#8220; button_text_color__hover=&#8220;#000000&#8243; button_one_text_color__hover_enabled=&#8220;off&#8220; button_two_text_color__hover_enabled=&#8220;off&#8220; button_border_width__hover_enabled=&#8220;off&#8220; button_one_border_width__hover_enabled=&#8220;off&#8220; button_two_border_width__hover_enabled=&#8220;off&#8220; button_border_color__hover_enabled=&#8220;off&#8220; button_one_border_color__hover_enabled=&#8220;off&#8220; button_two_border_color__hover_enabled=&#8220;off&#8220; button_border_radius__hover_enabled=&#8220;off&#8220; button_one_border_radius__hover_enabled=&#8220;off&#8220; button_two_border_radius__hover_enabled=&#8220;off&#8220; button_letter_spacing__hover_enabled=&#8220;off&#8220; button_one_letter_spacing__hover_enabled=&#8220;off&#8220; button_two_letter_spacing__hover_enabled=&#8220;off&#8220; button_bg_color__hover_enabled=&#8220;on&#8220; button_bg_color__hover=&#8220;rgba(0,0,0,0)&#8220; button_one_bg_color__hover_enabled=&#8220;off&#8220; button_two_bg_color__hover_enabled=&#8220;off&#8220; sticky_enabled=&#8220;0&#8243;]<\/p>\n<p><img loading=\"lazy\" src=\"http:\/\/www.dienstleistungen-kobald.com\/wp-content\/uploads\/1427088491-300x200.jpg\" width=\"300\" height=\"200\" alt=\"\" class=\"wp-image-193 alignnone size-medium\" srcset=\"https:\/\/www.dienstleistungen-kobald.com\/wp-content\/uploads\/1427088491-300x200.jpg 300w, https:\/\/www.dienstleistungen-kobald.com\/wp-content\/uploads\/1427088491-1024x683.jpg 1024w, https:\/\/www.dienstleistungen-kobald.com\/wp-content\/uploads\/1427088491-768x512.jpg 768w, https:\/\/www.dienstleistungen-kobald.com\/wp-content\/uploads\/1427088491-1536x1024.jpg 1536w, https:\/\/www.dienstleistungen-kobald.com\/wp-content\/uploads\/1427088491-2048x1365.jpg 2048w, https:\/\/www.dienstleistungen-kobald.com\/wp-content\/uploads\/1427088491-1080x720.jpg 1080w, https:\/\/www.dienstleistungen-kobald.com\/wp-content\/uploads\/1427088491-1280x854.jpg 1280w, https:\/\/www.dienstleistungen-kobald.com\/wp-content\/uploads\/1427088491-980x653.jpg 980w, https:\/\/www.dienstleistungen-kobald.com\/wp-content\/uploads\/1427088491-480x320.jpg 480w\" sizes=\"(max-width: 300px) 100vw, 300px\" \/><\/p>\n<p>[\/et_pb_cta][\/et_pb_column][et_pb_column type=&#8220;1_3&#8243; _builder_version=&#8220;4.16&#8243; custom_padding=&#8220;|||&#8220; global_colors_info=&#8220;{}&#8220; custom_padding__hover=&#8220;|||&#8220;][et_pb_cta title=&#8220;Spenglerarbeiten&#8220; button_url=&#8220;#&#8220; _builder_version=&#8220;4.16&#8243; header_level=&#8220;h4&#8243; header_font=&#8220;Bungee||||||||&#8220; header_line_height=&#8220;1.8em&#8220; body_font=&#8220;||||||||&#8220; body_line_height=&#8220;1.8em&#8220; background_color=&#8220;rgba(0,0,0,0)&#8220; custom_button=&#8220;on&#8220; button_text_size=&#8220;14px&#8220; button_text_color=&#8220;#0072ff&#8220; button_border_width=&#8220;0px&#8220; button_letter_spacing=&#8220;4px&#8220; button_font=&#8220;Bungee||||||||&#8220; button_use_icon=&#8220;off&#8220; background_layout=&#8220;light&#8220; custom_padding=&#8220;40px|30px|40px|30px|true|true&#8220; border_width_all=&#8220;1px&#8220; border_color_all=&#8220;rgba(51,51,51,0.12)&#8220; button_text_color_hover=&#8220;#000000&#8243; button_bg_color_hover=&#8220;rgba(0,0,0,0)&#8220; locked=&#8220;off&#8220; global_colors_info=&#8220;{}&#8220; button_text_size__hover_enabled=&#8220;off&#8220; button_one_text_size__hover_enabled=&#8220;off&#8220; button_two_text_size__hover_enabled=&#8220;off&#8220; button_text_color__hover_enabled=&#8220;on&#8220; button_text_color__hover=&#8220;#000000&#8243; button_one_text_color__hover_enabled=&#8220;off&#8220; button_two_text_color__hover_enabled=&#8220;off&#8220; button_border_width__hover_enabled=&#8220;off&#8220; button_one_border_width__hover_enabled=&#8220;off&#8220; button_two_border_width__hover_enabled=&#8220;off&#8220; button_border_color__hover_enabled=&#8220;off&#8220; button_one_border_color__hover_enabled=&#8220;off&#8220; button_two_border_color__hover_enabled=&#8220;off&#8220; button_border_radius__hover_enabled=&#8220;off&#8220; button_one_border_radius__hover_enabled=&#8220;off&#8220; button_two_border_radius__hover_enabled=&#8220;off&#8220; button_letter_spacing__hover_enabled=&#8220;off&#8220; button_one_letter_spacing__hover_enabled=&#8220;off&#8220; button_two_letter_spacing__hover_enabled=&#8220;off&#8220; button_bg_color__hover_enabled=&#8220;on&#8220; button_bg_color__hover=&#8220;rgba(0,0,0,0)&#8220; button_one_bg_color__hover_enabled=&#8220;off&#8220; button_two_bg_color__hover_enabled=&#8220;off&#8220;]<\/p>\n<p><img loading=\"lazy\" src=\"http:\/\/www.dienstleistungen-kobald.com\/wp-content\/uploads\/1498083242-300x200.jpg\" width=\"300\" height=\"200\" alt=\"\" class=\"wp-image-194 alignnone size-medium\" srcset=\"https:\/\/www.dienstleistungen-kobald.com\/wp-content\/uploads\/1498083242-300x200.jpg 300w, https:\/\/www.dienstleistungen-kobald.com\/wp-content\/uploads\/1498083242-1024x683.jpg 1024w, https:\/\/www.dienstleistungen-kobald.com\/wp-content\/uploads\/1498083242-768x512.jpg 768w, https:\/\/www.dienstleistungen-kobald.com\/wp-content\/uploads\/1498083242-1536x1024.jpg 1536w, https:\/\/www.dienstleistungen-kobald.com\/wp-content\/uploads\/1498083242-2048x1365.jpg 2048w, https:\/\/www.dienstleistungen-kobald.com\/wp-content\/uploads\/1498083242-1080x720.jpg 1080w, https:\/\/www.dienstleistungen-kobald.com\/wp-content\/uploads\/1498083242-1280x854.jpg 1280w, https:\/\/www.dienstleistungen-kobald.com\/wp-content\/uploads\/1498083242-980x653.jpg 980w, https:\/\/www.dienstleistungen-kobald.com\/wp-content\/uploads\/1498083242-480x320.jpg 480w\" sizes=\"(max-width: 300px) 100vw, 300px\" \/><\/p>\n<p>[\/et_pb_cta][\/et_pb_column][et_pb_column type=&#8220;1_3&#8243; _builder_version=&#8220;4.16&#8243; custom_padding=&#8220;|||&#8220; global_colors_info=&#8220;{}&#8220; custom_padding__hover=&#8220;|||&#8220;][et_pb_cta title=&#8220;Restauration&#8220; button_url=&#8220;#&#8220; _builder_version=&#8220;4.16&#8243; header_level=&#8220;h4&#8243; header_font=&#8220;Bungee||||||||&#8220; header_line_height=&#8220;1.8em&#8220; body_font=&#8220;||||||||&#8220; body_line_height=&#8220;1.8em&#8220; background_color=&#8220;rgba(0,0,0,0)&#8220; custom_button=&#8220;on&#8220; button_text_size=&#8220;14px&#8220; button_text_color=&#8220;#0072ff&#8220; button_border_width=&#8220;0px&#8220; button_letter_spacing=&#8220;4px&#8220; button_font=&#8220;Bungee||||||||&#8220; button_use_icon=&#8220;off&#8220; background_layout=&#8220;light&#8220; custom_padding=&#8220;40px|30px|40px|30px|true|true&#8220; border_width_all=&#8220;1px&#8220; border_color_all=&#8220;rgba(51,51,51,0.12)&#8220; button_text_color_hover=&#8220;#000000&#8243; button_bg_color_hover=&#8220;rgba(0,0,0,0)&#8220; locked=&#8220;off&#8220; global_colors_info=&#8220;{}&#8220; button_text_size__hover_enabled=&#8220;off&#8220; button_one_text_size__hover_enabled=&#8220;off&#8220; button_two_text_size__hover_enabled=&#8220;off&#8220; button_text_color__hover_enabled=&#8220;on&#8220; button_text_color__hover=&#8220;#000000&#8243; button_one_text_color__hover_enabled=&#8220;off&#8220; button_two_text_color__hover_enabled=&#8220;off&#8220; button_border_width__hover_enabled=&#8220;off&#8220; button_one_border_width__hover_enabled=&#8220;off&#8220; button_two_border_width__hover_enabled=&#8220;off&#8220; button_border_color__hover_enabled=&#8220;off&#8220; button_one_border_color__hover_enabled=&#8220;off&#8220; button_two_border_color__hover_enabled=&#8220;off&#8220; button_border_radius__hover_enabled=&#8220;off&#8220; button_one_border_radius__hover_enabled=&#8220;off&#8220; button_two_border_radius__hover_enabled=&#8220;off&#8220; button_letter_spacing__hover_enabled=&#8220;off&#8220; button_one_letter_spacing__hover_enabled=&#8220;off&#8220; button_two_letter_spacing__hover_enabled=&#8220;off&#8220; button_bg_color__hover_enabled=&#8220;on&#8220; button_bg_color__hover=&#8220;rgba(0,0,0,0)&#8220; button_one_bg_color__hover_enabled=&#8220;off&#8220; button_two_bg_color__hover_enabled=&#8220;off&#8220;]<\/p>\n<p><img loading=\"lazy\" src=\"http:\/\/www.dienstleistungen-kobald.com\/wp-content\/uploads\/377575384-300x200.jpg\" width=\"300\" height=\"200\" alt=\"\" class=\"wp-image-195 alignnone size-medium\" srcset=\"https:\/\/www.dienstleistungen-kobald.com\/wp-content\/uploads\/377575384-300x200.jpg 300w, https:\/\/www.dienstleistungen-kobald.com\/wp-content\/uploads\/377575384-1024x683.jpg 1024w, https:\/\/www.dienstleistungen-kobald.com\/wp-content\/uploads\/377575384-768x512.jpg 768w, https:\/\/www.dienstleistungen-kobald.com\/wp-content\/uploads\/377575384-1536x1024.jpg 1536w, https:\/\/www.dienstleistungen-kobald.com\/wp-content\/uploads\/377575384-2048x1365.jpg 2048w, https:\/\/www.dienstleistungen-kobald.com\/wp-content\/uploads\/377575384-1080x720.jpg 1080w, https:\/\/www.dienstleistungen-kobald.com\/wp-content\/uploads\/377575384-1280x854.jpg 1280w, https:\/\/www.dienstleistungen-kobald.com\/wp-content\/uploads\/377575384-980x653.jpg 980w, https:\/\/www.dienstleistungen-kobald.com\/wp-content\/uploads\/377575384-480x320.jpg 480w\" sizes=\"(max-width: 300px) 100vw, 300px\" \/><\/p>\n<p>[\/et_pb_cta][\/et_pb_column][\/et_pb_row][et_pb_row _builder_version=&#8220;4.20.4&#8243; _module_preset=&#8220;default&#8220;][et_pb_column _builder_version=&#8220;4.20.4&#8243; _module_preset=&#8220;default&#8220; type=&#8220;4_4&#8243;][et_pb_cta title=&#8220;Hochbeete&#8220; button_url=&#8220;#&#8220; _builder_version=&#8220;4.20.4&#8243; header_level=&#8220;h4&#8243; header_font=&#8220;Bungee||||||||&#8220; header_line_height=&#8220;1.8em&#8220; body_font=&#8220;||||||||&#8220; body_line_height=&#8220;1.8em&#8220; background_color=&#8220;rgba(0,0,0,0)&#8220; custom_button=&#8220;on&#8220; button_text_size=&#8220;14px&#8220; button_text_color=&#8220;#0072ff&#8220; button_border_width=&#8220;0px&#8220; button_letter_spacing=&#8220;4px&#8220; button_font=&#8220;||||||||&#8220; button_use_icon=&#8220;off&#8220; background_layout=&#8220;light&#8220; custom_padding=&#8220;40px|30px|40px|30px|true|true&#8220; hover_enabled=&#8220;0&#8243; border_width_all=&#8220;1px&#8220; border_color_all=&#8220;rgba(51,51,51,0.12)&#8220; button_text_color_hover=&#8220;#000000&#8243; button_bg_color_hover=&#8220;rgba(0,0,0,0)&#8220; locked=&#8220;off&#8220; global_colors_info=&#8220;{}&#8220; button_text_size__hover_enabled=&#8220;off&#8220; button_one_text_size__hover_enabled=&#8220;off&#8220; button_two_text_size__hover_enabled=&#8220;off&#8220; button_text_color__hover_enabled=&#8220;on&#8220; button_text_color__hover=&#8220;#000000&#8243; button_one_text_color__hover_enabled=&#8220;off&#8220; button_two_text_color__hover_enabled=&#8220;off&#8220; button_border_width__hover_enabled=&#8220;off&#8220; button_one_border_width__hover_enabled=&#8220;off&#8220; button_two_border_width__hover_enabled=&#8220;off&#8220; button_border_color__hover_enabled=&#8220;off&#8220; button_one_border_color__hover_enabled=&#8220;off&#8220; button_two_border_color__hover_enabled=&#8220;off&#8220; button_border_radius__hover_enabled=&#8220;off&#8220; button_one_border_radius__hover_enabled=&#8220;off&#8220; button_two_border_radius__hover_enabled=&#8220;off&#8220; button_letter_spacing__hover_enabled=&#8220;off&#8220; button_one_letter_spacing__hover_enabled=&#8220;off&#8220; button_two_letter_spacing__hover_enabled=&#8220;off&#8220; button_bg_color__hover_enabled=&#8220;on&#8220; button_bg_color__hover=&#8220;rgba(0,0,0,0)&#8220; button_one_bg_color__hover_enabled=&#8220;off&#8220; button_two_bg_color__hover_enabled=&#8220;off&#8220; sticky_enabled=&#8220;0&#8243; custom_margin=&#8220;|-2px||||&#8220; link_option_url=&#8220;@ET-DC@eyJkeW5hbWljIjp0cnVlLCJjb250ZW50IjoicG9zdF9saW5rX3VybF9wYWdlIiwic2V0dGluZ3MiOnsicG9zdF9pZCI6IjIxNSJ9fQ==@&#8220; _dynamic_attributes=&#8220;link_option_url&#8220;]<\/p>\n<p><img loading=\"lazy\" src=\"http:\/\/www.dienstleistungen-kobald.com\/wp-content\/uploads\/Hochbeet_small-300x169.jpg\" width=\"300\" height=\"169\" alt=\"Hochbeet\" class=\"wp-image-219 alignnone size-medium\" \/><\/p>\n<p>[\/et_pb_cta][\/et_pb_column][\/et_pb_row][\/et_pb_section]<\/p>\n","protected":false},"excerpt":{"rendered":"<p>Kobald Dachdeckerer &#8211; SpenglerWir sehen es als unsere Aufgabe an, zuverl\u00e4ssig und kompetent mit Ihnen zusammenzuarbeiten.So entstehen D\u00e4cher, mit denen Sie und wir zufrieden sein k\u00f6nnen. Wir freuen uns auf eine gute Zusammenarbeit.Andreas, Heidi<\/p>\n","protected":false},"author":1,"featured_media":0,"parent":0,"menu_order":0,"comment_status":"closed","ping_status":"closed","template":"","meta":{"_et_pb_use_builder":"on","_et_pb_old_content":"","_et_gb_content_width":""},"_links":{"self":[{"href":"https:\/\/www.dienstleistungen-kobald.com\/index.php?rest_route=\/wp\/v2\/pages\/8"}],"collection":[{"href":"https:\/\/www.dienstleistungen-kobald.com\/index.php?rest_route=\/wp\/v2\/pages"}],"about":[{"href":"https:\/\/www.dienstleistungen-kobald.com\/index.php?rest_route=\/wp\/v2\/types\/page"}],"author":[{"embeddable":true,"href":"https:\/\/www.dienstleistungen-kobald.com\/index.php?rest_route=\/wp\/v2\/users\/1"}],"replies":[{"embeddable":true,"href":"https:\/\/www.dienstleistungen-kobald.com\/index.php?rest_route=%2Fwp%2Fv2%2Fcomments&post=8"}],"version-history":[{"count":23,"href":"https:\/\/www.dienstleistungen-kobald.com\/index.php?rest_route=\/wp\/v2\/pages\/8\/revisions"}],"predecessor-version":[{"id":233,"href":"https:\/\/www.dienstleistungen-kobald.com\/index.php?rest_route=\/wp\/v2\/pages\/8\/revisions\/233"}],"wp:attachment":[{"href":"https:\/\/www.dienstleistungen-kobald.com\/index.php?rest_route=%2Fwp%2Fv2%2Fmedia&parent=8"}],"curies":[{"name":"wp","href":"https:\/\/api.w.org\/{rel}","templated":true}]}}